{"id":344,"date":"2016-05-10T03:48:21","date_gmt":"2016-05-10T03:48:21","guid":{"rendered":"http:\/\/www.bvitourism.fr\/sample-page\/"},"modified":"2018-09-18T17:22:02","modified_gmt":"2018-09-18T15:22:02","slug":"sample-page","status":"publish","type":"page","link":"https:\/\/www.bvitourism.fr\/es\/","title":{"rendered":"Accueil"},"content":{"rendered":"<div id=\"pl-344\"  class=\"panel-layout\" ><div id=\"pg-344-0\"  class=\"panel-grid panel-has-style\" ><div class=\"siteorigin-panels-stretch panel-row-style panel-row-style-for-344-0\" data-stretch-type=\"full\" ><div id=\"pgc-344-0-0\"  class=\"panel-grid-cell panel-grid-cell-mobile-last\" ><div id=\"panel-344-0-0-0\" class=\"so-panel widget widget_sow-headline panel-first-child panel-last-child\" data-index=\"0\" ><div class=\"panel-widget-style panel-widget-style-for-344-0-0-0\" ><div\n\t\t\t\n\t\t\tclass=\"so-widget-sow-headline so-widget-sow-headline-default-a7bea44e793d-344\"\n\t\t\t\n\t\t><div class=\"sow-headline-container \">\n\t\t\t\t\t\t\t<h1 class=\"sow-headline\">\n\t\t\t\t\t\tViaje a <br \/>Islas V\u00edrgenes Brit\u00e1nicas\t\t\t\t\t\t<\/h1>\n\t\t\t\t\t\t\t\t\t\t\t<div class=\"decoration\">\n\t\t\t\t\t\t<div class=\"decoration-inside\"><\/div>\n\t\t\t\t\t<\/div>\n\t\t\t\t\t<\/div>\n<\/div><\/div><\/div><\/div><div id=\"pgc-344-0-1\"  class=\"panel-grid-cell panel-grid-cell-empty\" ><\/div><\/div><\/div><div id=\"pg-344-1\"  class=\"panel-grid panel-has-style\" ><div class=\"siteorigin-panels-stretch panel-row-style panel-row-style-for-344-1\" data-stretch-type=\"full\" ><div id=\"pgc-344-1-0\"  class=\"panel-grid-cell panel-grid-cell-empty\" ><\/div><div id=\"pgc-344-1-1\"  class=\"panel-grid-cell panel-grid-cell-mobile-last\" ><div id=\"panel-344-1-1-0\" class=\"so-panel widget widget_factory_simple_carousel panel-first-child panel-last-child\" data-index=\"1\" ><div class=\"panel-widget-style panel-widget-style-for-344-1-1-0\" ><div\n\t\t\t\n\t\t\tclass=\"so-widget-factory_simple_carousel so-widget-factory_simple_carousel-factory-carousel-def-style-d75171398898-344\"\n\t\t\t\n\t\t>\n<link rel=\"stylesheet\" href=\"https:\/\/cdnjs.cloudflare.com\/ajax\/libs\/OwlCarousel2\/2.2.1\/assets\/owl.carousel.min.css\" \/>\n<link rel=\"stylesheet\" href=\"https:\/\/cdnjs.cloudflare.com\/ajax\/libs\/OwlCarousel2\/2.2.1\/assets\/owl.theme.default.min.css\" \/>\n<style type=\"text\/css\">\n.owl-carousel .owl-item .element{\n\tpadding: 0 0px;\n}\n.owl-theme .owl-controls .owl-page {\n    display: inline-block;\n}\n.owl-pagination{\n    position: absolute;\n    text-align: center;\n    width: 100%;\n    bottom: -40px;\n}\n    \n<\/style>\n\n<div class=\"owl-carousel\">\n\n<div class=\"text-center item element\">\n<img loading=\"lazy\" decoding=\"async\" width=\"900\" height=\"860\" src=\"https:\/\/www.bvitourism.fr\/wp-content\/uploads\/2018\/08\/car-iles-Vierges-britanniques-1-1.jpg\" class=\"attachment-full size-full\" alt=\"car iles Vierges britanniques 1\" srcset=\"https:\/\/www.bvitourism.fr\/wp-content\/uploads\/2018\/08\/car-iles-Vierges-britanniques-1-1.jpg 900w, https:\/\/www.bvitourism.fr\/wp-content\/uploads\/2018\/08\/car-iles-Vierges-britanniques-1-1-300x287.jpg 300w, https:\/\/www.bvitourism.fr\/wp-content\/uploads\/2018\/08\/car-iles-Vierges-britanniques-1-1-768x734.jpg 768w\" sizes=\"auto, (max-width: 900px) 100vw, 900px\" \/><\/div>\n\n\n<div class=\"text-center item element\">\n<img loading=\"lazy\" decoding=\"async\" width=\"900\" height=\"860\" src=\"https:\/\/www.bvitourism.fr\/wp-content\/uploads\/2018\/08\/car-iles-Vierges-britanniques-2-1.jpg\" class=\"attachment-full size-full\" alt=\"\" srcset=\"https:\/\/www.bvitourism.fr\/wp-content\/uploads\/2018\/08\/car-iles-Vierges-britanniques-2-1.jpg 900w, https:\/\/www.bvitourism.fr\/wp-content\/uploads\/2018\/08\/car-iles-Vierges-britanniques-2-1-300x287.jpg 300w, https:\/\/www.bvitourism.fr\/wp-content\/uploads\/2018\/08\/car-iles-Vierges-britanniques-2-1-768x734.jpg 768w\" sizes=\"auto, (max-width: 900px) 100vw, 900px\" \/><\/div>\n\n\n<div class=\"text-center item element\">\n<img loading=\"lazy\" decoding=\"async\" width=\"900\" height=\"860\" src=\"https:\/\/www.bvitourism.fr\/wp-content\/uploads\/2018\/08\/car-iles-Vierges-britanniques-3-1.jpg\" class=\"attachment-full size-full\" alt=\"car iles Vierges britanniques 3\" srcset=\"https:\/\/www.bvitourism.fr\/wp-content\/uploads\/2018\/08\/car-iles-Vierges-britanniques-3-1.jpg 900w, https:\/\/www.bvitourism.fr\/wp-content\/uploads\/2018\/08\/car-iles-Vierges-britanniques-3-1-300x287.jpg 300w, https:\/\/www.bvitourism.fr\/wp-content\/uploads\/2018\/08\/car-iles-Vierges-britanniques-3-1-768x734.jpg 768w\" sizes=\"auto, (max-width: 900px) 100vw, 900px\" \/><\/div>\n\n\n<div class=\"text-center item element\">\n<img loading=\"lazy\" decoding=\"async\" width=\"900\" height=\"860\" src=\"https:\/\/www.bvitourism.fr\/wp-content\/uploads\/2018\/08\/car-iles-Vierges-britanniques-4-1.jpg\" class=\"attachment-full size-full\" alt=\"\" srcset=\"https:\/\/www.bvitourism.fr\/wp-content\/uploads\/2018\/08\/car-iles-Vierges-britanniques-4-1.jpg 900w, https:\/\/www.bvitourism.fr\/wp-content\/uploads\/2018\/08\/car-iles-Vierges-britanniques-4-1-300x287.jpg 300w, https:\/\/www.bvitourism.fr\/wp-content\/uploads\/2018\/08\/car-iles-Vierges-britanniques-4-1-768x734.jpg 768w\" sizes=\"auto, (max-width: 900px) 100vw, 900px\" \/><\/div>\n\n<\/div>\n\n<script src=\"https:\/\/cdnjs.cloudflare.com\/ajax\/libs\/OwlCarousel2\/2.2.1\/owl.carousel.min.js\"><\/script>\n\n<script type=\"text\/javascript\">\n\njQuery(document).ready(function(){\n  jQuery(\".owl-carousel\").owlCarousel({\n    margin: 0,\n    items:1,\n    autoplay: true,\n        loop: true\n})\n});\n\n<\/script><\/div><\/div><\/div><\/div><div id=\"pgc-344-1-2\"  class=\"panel-grid-cell panel-grid-cell-empty\" ><\/div><\/div><\/div><div id=\"pg-344-2\"  class=\"panel-grid panel-has-style\" ><div class=\"siteorigin-panels-stretch panel-row-style panel-row-style-for-344-2\" data-stretch-type=\"full\" ><div id=\"pgc-344-2-0\"  class=\"panel-grid-cell panel-grid-cell-empty\" ><\/div><div id=\"pgc-344-2-1\"  class=\"panel-grid-cell panel-grid-cell-mobile-last\" ><div class=\"panel-cell-style panel-cell-style-for-344-2-1\" ><div id=\"panel-344-2-1-0\" class=\"so-panel widget widget_sow-headline panel-first-child\" data-index=\"2\" ><div\n\t\t\t\n\t\t\tclass=\"so-widget-sow-headline so-widget-sow-headline-default-8129d813876b-344\"\n\t\t\t\n\t\t><div class=\"sow-headline-container \">\n\t\t\t\t\t\t\t<h2 class=\"sow-headline\">\n\t\t\t\t\t\tPresentaci\u00f3n de las Islas V\u00edrgenes Brit\u00e1nicas\t\t\t\t\t\t<\/h2>\n\t\t\t\t\t\t\t\t\t\t\t<div class=\"decoration\">\n\t\t\t\t\t\t<div class=\"decoration-inside\"><\/div>\n\t\t\t\t\t<\/div>\n\t\t\t\t\t<\/div>\n<\/div><\/div><div id=\"panel-344-2-1-1\" class=\"so-panel widget widget_text panel-last-child\" data-index=\"3\" ><div class=\"panel-widget-style panel-widget-style-for-344-2-1-1\" >\t\t\t<div class=\"textwidget\"><p style=\"color: #fff;\">Las Islas V\u00edrgenes Brit\u00e1nicas o BVI (Islas V\u00edrgenes Brit\u00e1nicas) en Ingl\u00e9s se encuentran en el Mar Caribe. Es un territorio brit\u00e1nico de ultramar cuya fecha de colonizaci\u00f3n data de 1672. Este archipi\u00e9lago se caracteriza por un clima tropical c\u00e1lido y h\u00famedo con temperaturas agradables durante todo el a\u00f1o. Distinguimos la temporada de lluvias que se extiende de agosto a diciembre de la estaci\u00f3n seca de enero a abril. El turismo es la principal actividad econ\u00f3mica de este archipi\u00e9lago.<\/p>\n<\/div>\n\t\t<\/div><\/div><\/div><\/div><div id=\"pgc-344-2-2\"  class=\"panel-grid-cell panel-grid-cell-empty\" ><\/div><\/div><\/div><div id=\"pg-344-3\"  class=\"panel-grid panel-has-style\" ><div class=\"siteorigin-panels-stretch panel-row-style panel-row-style-for-344-3\" data-stretch-type=\"full\" ><div id=\"pgc-344-3-0\"  class=\"panel-grid-cell\" ><div id=\"panel-344-3-0-0\" class=\"so-panel widget widget_media_image panel-first-child\" data-index=\"4\" ><img loading=\"lazy\" decoding=\"async\" width=\"65\" height=\"65\" src=\"https:\/\/www.bvitourism.fr\/wp-content\/uploads\/2018\/08\/icone-vacances-sur-les-iles-Vierges-britanniques.png\" class=\"image wp-image-147  attachment-full size-full\" alt=\"icone-vacances-sur-les-iles-Vierges-britanniques\" style=\"max-width: 100%; height: auto;\" \/><\/div><div id=\"panel-344-3-0-1\" class=\"so-panel widget widget_sow-headline panel-last-child\" data-index=\"5\" ><div\n\t\t\t\n\t\t\tclass=\"so-widget-sow-headline so-widget-sow-headline-default-ea264394d204-344\"\n\t\t\t\n\t\t><div class=\"sow-headline-container \">\n\t\t\t\t\t\t\t<h2 class=\"sow-headline\">\n\t\t\t\t\t\tVacaciones en las Islas V\u00edrgenes Brit\u00e1nicas\t\t\t\t\t\t<\/h2>\n\t\t\t\t\t\t\t\t\t\t\t<div class=\"decoration\">\n\t\t\t\t\t\t<div class=\"decoration-inside\"><\/div>\n\t\t\t\t\t<\/div>\n\t\t\t\t\t<\/div>\n<\/div><\/div><\/div><div id=\"pgc-344-3-1\"  class=\"panel-grid-cell\" ><div id=\"panel-344-3-1-0\" class=\"so-panel widget widget_image-hover-text panel-first-child\" data-index=\"6\" ><div\n\t\t\t\n\t\t\tclass=\"so-widget-image-hover-text so-widget-image-hover-text-image-hover-text-default-style-d75171398898-344\"\n\t\t\t\n\t\t><style type=\"text\/css\">\n#image-hover-text-1182374417 img{\n\theight: auto;\n\twidth: 100%;\n}\n<\/style>\n\n<div id=\"image-hover-text-1182374417\" class=\"image-hover-text \">\n<img loading=\"lazy\" decoding=\"async\" width=\"780\" height=\"600\" src=\"https:\/\/www.bvitourism.fr\/wp-content\/uploads\/2018\/08\/vacances-sur-les-iles-Vierges-britanniques.jpg\" class=\"attachment-full size-full\" alt=\"vacances sur les iles Vierges britanniques\" srcset=\"https:\/\/www.bvitourism.fr\/wp-content\/uploads\/2018\/08\/vacances-sur-les-iles-Vierges-britanniques.jpg 780w, https:\/\/www.bvitourism.fr\/wp-content\/uploads\/2018\/08\/vacances-sur-les-iles-Vierges-britanniques-300x231.jpg 300w, https:\/\/www.bvitourism.fr\/wp-content\/uploads\/2018\/08\/vacances-sur-les-iles-Vierges-britanniques-768x591.jpg 768w\" sizes=\"auto, (max-width: 780px) 100vw, 780px\" \/><\/div><\/div><\/div><div id=\"panel-344-3-1-1\" class=\"so-panel widget widget_text panel-last-child\" data-index=\"7\" >\t\t\t<div class=\"textwidget\"><p>Muchos turistas vienen a pasar sus vacaciones en las Islas V\u00edrgenes Brit\u00e1nicas. Para pasar una estad\u00eda en este archipi\u00e9lago, puede elegir entre un crucero o un avi\u00f3n.<\/p>\n<\/div>\n\t\t<\/div><\/div><div id=\"pgc-344-3-2\"  class=\"panel-grid-cell\" ><div id=\"panel-344-3-2-0\" class=\"so-panel widget widget_image-hover-text panel-first-child\" data-index=\"8\" ><div\n\t\t\t\n\t\t\tclass=\"so-widget-image-hover-text so-widget-image-hover-text-image-hover-text-default-style-d75171398898-344\"\n\t\t\t\n\t\t><style type=\"text\/css\">\n#image-hover-text-1182374417 img{\n\theight: auto;\n\twidth: 100%;\n}\n<\/style>\n\n<div id=\"image-hover-text-1182374417\" class=\"image-hover-text \">\n<img loading=\"lazy\" decoding=\"async\" width=\"780\" height=\"600\" src=\"https:\/\/www.bvitourism.fr\/wp-content\/uploads\/2018\/08\/vacances-sur-les-iles-Vierges-britanniques-1.jpg\" class=\"attachment-full size-full\" alt=\"vacances sur les iles Vierges britanniques 1\" srcset=\"https:\/\/www.bvitourism.fr\/wp-content\/uploads\/2018\/08\/vacances-sur-les-iles-Vierges-britanniques-1.jpg 780w, https:\/\/www.bvitourism.fr\/wp-content\/uploads\/2018\/08\/vacances-sur-les-iles-Vierges-britanniques-1-300x231.jpg 300w, https:\/\/www.bvitourism.fr\/wp-content\/uploads\/2018\/08\/vacances-sur-les-iles-Vierges-britanniques-1-768x591.jpg 768w\" sizes=\"auto, (max-width: 780px) 100vw, 780px\" \/><\/div><\/div><\/div><div id=\"panel-344-3-2-1\" class=\"so-panel widget widget_text panel-last-child\" data-index=\"9\" >\t\t\t<div class=\"textwidget\"><p>Pasar vacaciones en las Islas V\u00edrgenes Brit\u00e1nicas es un verdadero cambio de escenario. Los turistas tendr\u00e1n la oportunidad de disfrutar de varias actividades como nataci\u00f3n, buceo &#8230;<\/p>\n<\/div>\n\t\t<\/div><\/div><\/div><\/div><div id=\"pg-344-4\"  class=\"panel-grid panel-has-style\" ><div class=\"panel-row-style panel-row-style-for-344-4\" ><div id=\"pgc-344-4-0\"  class=\"panel-grid-cell\" ><div id=\"panel-344-4-0-0\" class=\"so-panel widget widget_media_image panel-first-child\" data-index=\"10\" ><img loading=\"lazy\" decoding=\"async\" width=\"80\" height=\"75\" src=\"https:\/\/www.bvitourism.fr\/wp-content\/uploads\/2018\/08\/icone-Croisieres-et-location-de-bateaux.png\" class=\"image wp-image-148  attachment-full size-full\" alt=\"icone-Croisieres-et-location-de-bateaux\" style=\"max-width: 100%; height: auto;\" \/><\/div><div id=\"panel-344-4-0-1\" class=\"so-panel widget widget_sow-headline panel-last-child\" data-index=\"11\" ><div\n\t\t\t\n\t\t\tclass=\"so-widget-sow-headline so-widget-sow-headline-default-ea264394d204-344\"\n\t\t\t\n\t\t><div class=\"sow-headline-container \">\n\t\t\t\t\t\t\t<h2 class=\"sow-headline\">\n\t\t\t\t\t\t Cruceros y alquiler<br \/>  de botes\t\t\t\t\t\t<\/h2>\n\t\t\t\t\t\t\t\t\t\t\t<div class=\"decoration\">\n\t\t\t\t\t\t<div class=\"decoration-inside\"><\/div>\n\t\t\t\t\t<\/div>\n\t\t\t\t\t<\/div>\n<\/div><\/div><\/div><div id=\"pgc-344-4-1\"  class=\"panel-grid-cell\" ><div id=\"panel-344-4-1-0\" class=\"so-panel widget widget_service-box panel-first-child\" data-index=\"12\" ><div\n\t\t\t\n\t\t\tclass=\"so-widget-service-box so-widget-service-box-service-box-style-3689a2e67776-344\"\n\t\t\t\n\t\t>\r\n\r\n\r\n    <div class=\"service_left clearfix left\">\r\n                    <div class=\"icon_image\">\r\n                <img decoding=\"async\" src=\" https:\/\/www.bvitourism.fr\/wp-content\/uploads\/2018\/08\/icone-Choix-d-une-compagnie-de-croisieres.png\" alt=\"\" style=\"width: 66px;\"\/>\r\n            <\/div>\r\n                <div class=\"content\">\r\n            <h3>Elegir una l\u00ednea de cruceros<\/h3>\r\n            <p style=\"text-align: justify\">Cuando llegue a Road Town, la capital de las Islas V\u00edrgenes Brit\u00e1nicas, p\u00f3ngase en contacto con una empresa que alquila barcos de crucero.<\/p>\n            <div class=\"clearfix\"><\/div>\r\n                    <\/div>\r\n    <\/div>\r\n\r\n<\/div><\/div><div id=\"panel-344-4-1-1\" class=\"so-panel widget widget_service-box\" data-index=\"13\" ><div\n\t\t\t\n\t\t\tclass=\"so-widget-service-box so-widget-service-box-service-box-style-3689a2e67776-344\"\n\t\t\t\n\t\t>\r\n\r\n\r\n    <div class=\"service_left clearfix left\">\r\n                    <div class=\"icon_image\">\r\n                <img decoding=\"async\" src=\" https:\/\/www.bvitourism.fr\/wp-content\/uploads\/2018\/08\/icone-Types-de-croisieres-dans-les-iles-vierges-britanniques.png\" alt=\"\" style=\"width: 66px;\"\/>\r\n            <\/div>\r\n                <div class=\"content\">\r\n            <h3>Tipos de cruceros en las Islas V\u00edrgenes Brit\u00e1nicas<\/h3>\r\n            <p>Aquellos que quieran hacer un crucero en las Islas V\u00edrgenes Brit\u00e1nicas podr\u00e1n elegir entre varios tipos de cruceros (cruceros no tripulados, cruceros con tripulaci\u00f3n ...)<\/p>\n            <div class=\"clearfix\"><\/div>\r\n                    <\/div>\r\n    <\/div>\r\n\r\n<\/div><\/div><div id=\"panel-344-4-1-2\" class=\"so-panel widget widget_service-box panel-last-child\" data-index=\"14\" ><div\n\t\t\t\n\t\t\tclass=\"so-widget-service-box so-widget-service-box-service-box-style-3689a2e67776-344\"\n\t\t\t\n\t\t>\r\n\r\n\r\n    <div class=\"service_left clearfix left\">\r\n                    <div class=\"icon_image\">\r\n                <img decoding=\"async\" src=\" https:\/\/www.bvitourism.fr\/wp-content\/uploads\/2018\/08\/icone-Types-d-embarcations-de-croisiere-disponibles.png\" alt=\"\" style=\"width: 66px;\"\/>\r\n            <\/div>\r\n                <div class=\"content\">\r\n            <h3>Tipos de barcos de crucero disponibles<\/h3>\r\n            <p style=\"text-align: justify\">Los cruceros en las Islas V\u00edrgenes Brit\u00e1nicas se realizan principalmente a bordo de dos tipos de embarcaciones que son monocascos o catamaranes.<\/p>\n            <div class=\"clearfix\"><\/div>\r\n                    <\/div>\r\n    <\/div>\r\n\r\n<\/div><\/div><\/div><\/div><\/div><div id=\"pg-344-5\"  class=\"panel-grid panel-has-style\" ><div class=\"siteorigin-panels-stretch panel-row-style panel-row-style-for-344-5\" data-stretch-type=\"full-stretched\" ><div id=\"pgc-344-5-0\"  class=\"panel-grid-cell\" ><div id=\"panel-344-5-0-0\" class=\"so-panel widget widget_media_image panel-first-child panel-last-child\" data-index=\"15\" ><img loading=\"lazy\" decoding=\"async\" width=\"1056\" height=\"757\" src=\"https:\/\/www.bvitourism.fr\/wp-content\/uploads\/2018\/08\/Tortola.jpg\" class=\"image wp-image-126  attachment-full size-full\" alt=\"Tortola\" style=\"max-width: 100%; height: auto;\" srcset=\"https:\/\/www.bvitourism.fr\/wp-content\/uploads\/2018\/08\/Tortola.jpg 1056w, https:\/\/www.bvitourism.fr\/wp-content\/uploads\/2018\/08\/Tortola-300x215.jpg 300w, https:\/\/www.bvitourism.fr\/wp-content\/uploads\/2018\/08\/Tortola-768x551.jpg 768w, https:\/\/www.bvitourism.fr\/wp-content\/uploads\/2018\/08\/Tortola-1024x734.jpg 1024w\" sizes=\"auto, (max-width: 1056px) 100vw, 1056px\" \/><\/div><\/div><div id=\"pgc-344-5-1\"  class=\"panel-grid-cell\" ><div class=\"panel-cell-style panel-cell-style-for-344-5-1\" ><div id=\"panel-344-5-1-0\" class=\"so-panel widget widget_media_image panel-first-child\" data-index=\"16\" ><img loading=\"lazy\" decoding=\"async\" width=\"112\" height=\"61\" src=\"https:\/\/www.bvitourism.fr\/wp-content\/uploads\/2018\/08\/icone-Tortola-1.png\" class=\"image wp-image-175  attachment-full size-full\" alt=\"icone-Tortola\" style=\"max-width: 100%; height: auto;\" \/><\/div><div id=\"panel-344-5-1-1\" class=\"so-panel widget widget_sow-headline\" data-index=\"17\" ><div\n\t\t\t\n\t\t\tclass=\"so-widget-sow-headline so-widget-sow-headline-default-ea264394d204-344\"\n\t\t\t\n\t\t><div class=\"sow-headline-container \">\n\t\t\t\t\t\t\t<h2 class=\"sow-headline\">\n\t\t\t\t\t\tTortola: la isla principal del archipi\u00e9lago\t\t\t\t\t\t<\/h2>\n\t\t\t\t\t\t\t\t\t\t\t<div class=\"decoration\">\n\t\t\t\t\t\t<div class=\"decoration-inside\"><\/div>\n\t\t\t\t\t<\/div>\n\t\t\t\t\t<\/div>\n<\/div><\/div><div id=\"panel-344-5-1-2\" class=\"so-panel widget widget_text panel-last-child\" data-index=\"18\" >\t\t\t<div class=\"textwidget\"><p style=\"text-align: justify;\">Tortola es la isla principal del archipi\u00e9lago de las Islas V\u00edrgenes Brit\u00e1nicas. Adem\u00e1s de la capital Road Town, vale la pena visitar otras atracciones y sitios como Cane Garden Bay, con su playa y su sucesi\u00f3n de restaurantes. Visitar la Destiler\u00eda Callwood Rim y Sugar Cane Bay con sus plantaciones de ca\u00f1a de az\u00facar es una necesidad.<\/p>\n<\/div>\n\t\t<\/div><\/div><\/div><\/div><\/div><div id=\"pg-344-6\"  class=\"panel-grid panel-has-style\" ><div class=\"siteorigin-panels-stretch panel-row-style panel-row-style-for-344-6\" data-stretch-type=\"full-stretched\" ><div id=\"pgc-344-6-0\"  class=\"panel-grid-cell\" ><div class=\"panel-cell-style panel-cell-style-for-344-6-0\" ><div id=\"panel-344-6-0-0\" class=\"so-panel widget widget_media_image panel-first-child\" data-index=\"19\" ><img loading=\"lazy\" decoding=\"async\" width=\"98\" height=\"73\" src=\"https:\/\/www.bvitourism.fr\/wp-content\/uploads\/2018\/08\/icone-ile-de-Virgin-Gorda-3.png\" class=\"image wp-image-178  attachment-full size-full\" alt=\"icone-ile-de-Virgin-Gorda\" style=\"max-width: 100%; height: auto;\" \/><\/div><div id=\"panel-344-6-0-1\" class=\"so-panel widget widget_sow-headline\" data-index=\"20\" ><div\n\t\t\t\n\t\t\tclass=\"so-widget-sow-headline so-widget-sow-headline-default-598b868d233d-344\"\n\t\t\t\n\t\t><div class=\"sow-headline-container \">\n\t\t\t\t\t\t\t<h2 class=\"sow-headline\">\n\t\t\t\t\t\tIsla Virgen Gorda \/ Isla Jost Van Dyke\t\t\t\t\t\t<\/h2>\n\t\t\t\t\t\t\t\t\t\t\t<div class=\"decoration\">\n\t\t\t\t\t\t<div class=\"decoration-inside\"><\/div>\n\t\t\t\t\t<\/div>\n\t\t\t\t\t<\/div>\n<\/div><\/div><div id=\"panel-344-6-0-2\" class=\"so-panel widget widget_text panel-last-child\" data-index=\"21\" ><div class=\"panel-widget-style panel-widget-style-for-344-6-0-2\" >\t\t\t<div class=\"textwidget\"><p style=\"text-align: justify;\">Una de las peculiaridades y atractivos de la Isla Virgen Gorda son los \u00abBa\u00f1os\u00bb que son rocas de origen volc\u00e1nico sembrado de sus playas. El Parque Nacional Devil&#8217;s Bay es otra atracci\u00f3n en la isla. En cuanto a la isla de Jost Van Dyke, es una isla pac\u00edfica donde se puede bucear y descubrir el arrecife de coral con la diversidad de flora y fauna submarina.<\/p>\n<\/div>\n\t\t<\/div><\/div><\/div><\/div><div id=\"pgc-344-6-1\"  class=\"panel-grid-cell\" ><div class=\"panel-cell-style panel-cell-style-for-344-6-1\" ><div id=\"panel-344-6-1-0\" class=\"so-panel widget widget_espace panel-first-child panel-last-child\" data-index=\"22\" ><div\n\t\t\t\n\t\t\tclass=\"so-widget-espace so-widget-espace-espace-style-d75171398898-344\"\n\t\t\t\n\t\t><div class=\"space\" style=\"height: 500px\">\n<\/div><\/div><\/div><\/div><\/div><\/div><\/div><\/div>","protected":false},"excerpt":{"rendered":"<p>Viaje a Islas V\u00edrgenes Brit\u00e1nicas Presentaci\u00f3n de las Islas V\u00edrgenes Brit\u00e1nicas Las Islas V\u00edrgenes Brit\u00e1nicas o BVI (Islas V\u00edrgenes Brit\u00e1nicas) en Ingl\u00e9s se encuentran en el Mar Caribe. Es un territorio brit\u00e1nico de ultramar cuya fecha de colonizaci\u00f3n data de&#8230;<\/p>\n","protected":false},"author":1,"featured_media":0,"parent":0,"menu_order":0,"comment_status":"closed","ping_status":"closed","template":"","meta":{"footnotes":""},"class_list":["post-344","page","type-page","status-publish","hentry"],"_links":{"self":[{"href":"https:\/\/www.bvitourism.fr\/es\/wp-json\/wp\/v2\/pages\/344","targetHints":{"allow":["GET"]}}],"collection":[{"href":"https:\/\/www.bvitourism.fr\/es\/wp-json\/wp\/v2\/pages"}],"about":[{"href":"https:\/\/www.bvitourism.fr\/es\/wp-json\/wp\/v2\/types\/page"}],"author":[{"embeddable":true,"href":"https:\/\/www.bvitourism.fr\/es\/wp-json\/wp\/v2\/users\/1"}],"replies":[{"embeddable":true,"href":"https:\/\/www.bvitourism.fr\/es\/wp-json\/wp\/v2\/comments?post=344"}],"version-history":[{"count":4,"href":"https:\/\/www.bvitourism.fr\/es\/wp-json\/wp\/v2\/pages\/344\/revisions"}],"predecessor-version":[{"id":348,"href":"https:\/\/www.bvitourism.fr\/es\/wp-json\/wp\/v2\/pages\/344\/revisions\/348"}],"wp:attachment":[{"href":"https:\/\/www.bvitourism.fr\/es\/wp-json\/wp\/v2\/media?parent=344"}],"curies":[{"name":"wp","href":"https:\/\/api.w.org\/{rel}","templated":true}]}}