{"id":421,"date":"2016-05-10T03:48:21","date_gmt":"2016-05-10T03:48:21","guid":{"rendered":"http:\/\/www.bvitourism.fr\/sample-page\/"},"modified":"2018-09-20T10:43:42","modified_gmt":"2018-09-20T08:43:42","slug":"sample-page","status":"publish","type":"page","link":"https:\/\/www.bvitourism.fr\/it\/","title":{"rendered":"Accueil"},"content":{"rendered":"<div id=\"pl-421\"  class=\"panel-layout\" ><div id=\"pg-421-0\"  class=\"panel-grid panel-has-style\" ><div class=\"siteorigin-panels-stretch panel-row-style panel-row-style-for-421-0\" data-stretch-type=\"full\" ><div id=\"pgc-421-0-0\"  class=\"panel-grid-cell panel-grid-cell-mobile-last\" ><div id=\"panel-421-0-0-0\" class=\"so-panel widget widget_sow-headline panel-first-child panel-last-child\" data-index=\"0\" ><div class=\"panel-widget-style panel-widget-style-for-421-0-0-0\" ><div\n\t\t\t\n\t\t\tclass=\"so-widget-sow-headline so-widget-sow-headline-default-a7bea44e793d-421\"\n\t\t\t\n\t\t><div class=\"sow-headline-container \">\n\t\t\t\t\t\t\t<h1 class=\"sow-headline\">\n\t\t\t\t\t\tViaggia a  <br \/> Isole Vergini Britanniche\t\t\t\t\t\t<\/h1>\n\t\t\t\t\t\t\t\t\t\t\t<div class=\"decoration\">\n\t\t\t\t\t\t<div class=\"decoration-inside\"><\/div>\n\t\t\t\t\t<\/div>\n\t\t\t\t\t<\/div>\n<\/div><\/div><\/div><\/div><div id=\"pgc-421-0-1\"  class=\"panel-grid-cell panel-grid-cell-empty\" ><\/div><\/div><\/div><div id=\"pg-421-1\"  class=\"panel-grid panel-has-style\" ><div class=\"siteorigin-panels-stretch panel-row-style panel-row-style-for-421-1\" data-stretch-type=\"full\" ><div id=\"pgc-421-1-0\"  class=\"panel-grid-cell panel-grid-cell-empty\" ><\/div><div id=\"pgc-421-1-1\"  class=\"panel-grid-cell panel-grid-cell-mobile-last\" ><div id=\"panel-421-1-1-0\" class=\"so-panel widget widget_factory_simple_carousel panel-first-child panel-last-child\" data-index=\"1\" ><div class=\"panel-widget-style panel-widget-style-for-421-1-1-0\" ><div\n\t\t\t\n\t\t\tclass=\"so-widget-factory_simple_carousel so-widget-factory_simple_carousel-factory-carousel-def-style-d75171398898-421\"\n\t\t\t\n\t\t>\n<link rel=\"stylesheet\" href=\"https:\/\/cdnjs.cloudflare.com\/ajax\/libs\/OwlCarousel2\/2.2.1\/assets\/owl.carousel.min.css\" \/>\n<link rel=\"stylesheet\" href=\"https:\/\/cdnjs.cloudflare.com\/ajax\/libs\/OwlCarousel2\/2.2.1\/assets\/owl.theme.default.min.css\" \/>\n<style type=\"text\/css\">\n.owl-carousel .owl-item .element{\n\tpadding: 0 0px;\n}\n.owl-theme .owl-controls .owl-page {\n    display: inline-block;\n}\n.owl-pagination{\n    position: absolute;\n    text-align: center;\n    width: 100%;\n    bottom: -40px;\n}\n    \n<\/style>\n\n<div class=\"owl-carousel\">\n\n<div class=\"text-center item element\">\n<img loading=\"lazy\" decoding=\"async\" width=\"900\" height=\"860\" src=\"https:\/\/www.bvitourism.fr\/wp-content\/uploads\/2018\/08\/car-iles-Vierges-britanniques-1-1.jpg\" class=\"attachment-full size-full\" alt=\"car iles Vierges britanniques 1\" srcset=\"https:\/\/www.bvitourism.fr\/wp-content\/uploads\/2018\/08\/car-iles-Vierges-britanniques-1-1.jpg 900w, https:\/\/www.bvitourism.fr\/wp-content\/uploads\/2018\/08\/car-iles-Vierges-britanniques-1-1-300x287.jpg 300w, https:\/\/www.bvitourism.fr\/wp-content\/uploads\/2018\/08\/car-iles-Vierges-britanniques-1-1-768x734.jpg 768w\" sizes=\"auto, (max-width: 900px) 100vw, 900px\" \/><\/div>\n\n\n<div class=\"text-center item element\">\n<img loading=\"lazy\" decoding=\"async\" width=\"900\" height=\"860\" src=\"https:\/\/www.bvitourism.fr\/wp-content\/uploads\/2018\/08\/car-iles-Vierges-britanniques-2-1.jpg\" class=\"attachment-full size-full\" alt=\"\" srcset=\"https:\/\/www.bvitourism.fr\/wp-content\/uploads\/2018\/08\/car-iles-Vierges-britanniques-2-1.jpg 900w, https:\/\/www.bvitourism.fr\/wp-content\/uploads\/2018\/08\/car-iles-Vierges-britanniques-2-1-300x287.jpg 300w, https:\/\/www.bvitourism.fr\/wp-content\/uploads\/2018\/08\/car-iles-Vierges-britanniques-2-1-768x734.jpg 768w\" sizes=\"auto, (max-width: 900px) 100vw, 900px\" \/><\/div>\n\n\n<div class=\"text-center item element\">\n<img loading=\"lazy\" decoding=\"async\" width=\"900\" height=\"860\" src=\"https:\/\/www.bvitourism.fr\/wp-content\/uploads\/2018\/08\/car-iles-Vierges-britanniques-3-1.jpg\" class=\"attachment-full size-full\" alt=\"car iles Vierges britanniques 3\" srcset=\"https:\/\/www.bvitourism.fr\/wp-content\/uploads\/2018\/08\/car-iles-Vierges-britanniques-3-1.jpg 900w, https:\/\/www.bvitourism.fr\/wp-content\/uploads\/2018\/08\/car-iles-Vierges-britanniques-3-1-300x287.jpg 300w, https:\/\/www.bvitourism.fr\/wp-content\/uploads\/2018\/08\/car-iles-Vierges-britanniques-3-1-768x734.jpg 768w\" sizes=\"auto, (max-width: 900px) 100vw, 900px\" \/><\/div>\n\n\n<div class=\"text-center item element\">\n<img loading=\"lazy\" decoding=\"async\" width=\"900\" height=\"860\" src=\"https:\/\/www.bvitourism.fr\/wp-content\/uploads\/2018\/08\/car-iles-Vierges-britanniques-4-1.jpg\" class=\"attachment-full size-full\" alt=\"\" srcset=\"https:\/\/www.bvitourism.fr\/wp-content\/uploads\/2018\/08\/car-iles-Vierges-britanniques-4-1.jpg 900w, https:\/\/www.bvitourism.fr\/wp-content\/uploads\/2018\/08\/car-iles-Vierges-britanniques-4-1-300x287.jpg 300w, https:\/\/www.bvitourism.fr\/wp-content\/uploads\/2018\/08\/car-iles-Vierges-britanniques-4-1-768x734.jpg 768w\" sizes=\"auto, (max-width: 900px) 100vw, 900px\" \/><\/div>\n\n<\/div>\n\n<script src=\"https:\/\/cdnjs.cloudflare.com\/ajax\/libs\/OwlCarousel2\/2.2.1\/owl.carousel.min.js\"><\/script>\n\n<script type=\"text\/javascript\">\n\njQuery(document).ready(function(){\n  jQuery(\".owl-carousel\").owlCarousel({\n    margin: 0,\n    items:1,\n    autoplay: true,\n        loop: true\n})\n});\n\n<\/script><\/div><\/div><\/div><\/div><div id=\"pgc-421-1-2\"  class=\"panel-grid-cell panel-grid-cell-empty\" ><\/div><\/div><\/div><div id=\"pg-421-2\"  class=\"panel-grid panel-has-style\" ><div class=\"siteorigin-panels-stretch panel-row-style panel-row-style-for-421-2\" data-stretch-type=\"full\" ><div id=\"pgc-421-2-0\"  class=\"panel-grid-cell panel-grid-cell-empty\" ><\/div><div id=\"pgc-421-2-1\"  class=\"panel-grid-cell panel-grid-cell-mobile-last\" ><div class=\"panel-cell-style panel-cell-style-for-421-2-1\" ><div id=\"panel-421-2-1-0\" class=\"so-panel widget widget_sow-headline panel-first-child\" data-index=\"2\" ><div\n\t\t\t\n\t\t\tclass=\"so-widget-sow-headline so-widget-sow-headline-default-8129d813876b-421\"\n\t\t\t\n\t\t><div class=\"sow-headline-container \">\n\t\t\t\t\t\t\t<h2 class=\"sow-headline\">\n\t\t\t\t\t\tPresentazione delle Isole Vergini britanniche\t\t\t\t\t\t<\/h2>\n\t\t\t\t\t\t\t\t\t\t\t<div class=\"decoration\">\n\t\t\t\t\t\t<div class=\"decoration-inside\"><\/div>\n\t\t\t\t\t<\/div>\n\t\t\t\t\t<\/div>\n<\/div><\/div><div id=\"panel-421-2-1-1\" class=\"so-panel widget widget_text panel-last-child\" data-index=\"3\" ><div class=\"panel-widget-style panel-widget-style-for-421-2-1-1\" >\t\t\t<div class=\"textwidget\"><p style=\"color: #fff;\">Le Isole Vergini britanniche o BVI (Isole Vergini britanniche) in inglese si trovano nel Mar dei Caraibi. \u00c8 un territorio d&#8217;oltremare britannico la cui data di colonizzazione risale al 1672. Questo arcipelago \u00e8 caratterizzato da un clima tropicale caldo e umido con temperature piacevoli durante tutto l&#8217;anno. Distinguiamo la stagione delle piogge che si estende da agosto a dicembre della stagione secca da gennaio ad aprile. Il turismo \u00e8 la principale attivit\u00e0 economica di questo arcipelago.<\/p>\n<\/div>\n\t\t<\/div><\/div><\/div><\/div><div id=\"pgc-421-2-2\"  class=\"panel-grid-cell panel-grid-cell-empty\" ><\/div><\/div><\/div><div id=\"pg-421-3\"  class=\"panel-grid panel-has-style\" ><div class=\"siteorigin-panels-stretch panel-row-style panel-row-style-for-421-3\" data-stretch-type=\"full\" ><div id=\"pgc-421-3-0\"  class=\"panel-grid-cell\" ><div id=\"panel-421-3-0-0\" class=\"so-panel widget widget_media_image panel-first-child\" data-index=\"4\" ><img loading=\"lazy\" decoding=\"async\" width=\"65\" height=\"65\" src=\"https:\/\/www.bvitourism.fr\/wp-content\/uploads\/2018\/08\/icone-vacances-sur-les-iles-Vierges-britanniques.png\" class=\"image wp-image-147  attachment-full size-full\" alt=\"icone-vacances-sur-les-iles-Vierges-britanniques\" style=\"max-width: 100%; height: auto;\" \/><\/div><div id=\"panel-421-3-0-1\" class=\"so-panel widget widget_sow-headline panel-last-child\" data-index=\"5\" ><div\n\t\t\t\n\t\t\tclass=\"so-widget-sow-headline so-widget-sow-headline-default-ea264394d204-421\"\n\t\t\t\n\t\t><div class=\"sow-headline-container \">\n\t\t\t\t\t\t\t<h2 class=\"sow-headline\">\n\t\t\t\t\t\tVacanze nelle Isole Vergini britanniche\t\t\t\t\t\t<\/h2>\n\t\t\t\t\t\t\t\t\t\t\t<div class=\"decoration\">\n\t\t\t\t\t\t<div class=\"decoration-inside\"><\/div>\n\t\t\t\t\t<\/div>\n\t\t\t\t\t<\/div>\n<\/div><\/div><\/div><div id=\"pgc-421-3-1\"  class=\"panel-grid-cell\" ><div id=\"panel-421-3-1-0\" class=\"so-panel widget widget_image-hover-text panel-first-child\" data-index=\"6\" ><div\n\t\t\t\n\t\t\tclass=\"so-widget-image-hover-text so-widget-image-hover-text-image-hover-text-default-style-d75171398898-421\"\n\t\t\t\n\t\t><style type=\"text\/css\">\n#image-hover-text-1182374417 img{\n\theight: auto;\n\twidth: 100%;\n}\n<\/style>\n\n<div id=\"image-hover-text-1182374417\" class=\"image-hover-text \">\n<img loading=\"lazy\" decoding=\"async\" width=\"780\" height=\"600\" src=\"https:\/\/www.bvitourism.fr\/wp-content\/uploads\/2018\/08\/vacances-sur-les-iles-Vierges-britanniques.jpg\" class=\"attachment-full size-full\" alt=\"vacances sur les iles Vierges britanniques\" srcset=\"https:\/\/www.bvitourism.fr\/wp-content\/uploads\/2018\/08\/vacances-sur-les-iles-Vierges-britanniques.jpg 780w, https:\/\/www.bvitourism.fr\/wp-content\/uploads\/2018\/08\/vacances-sur-les-iles-Vierges-britanniques-300x231.jpg 300w, https:\/\/www.bvitourism.fr\/wp-content\/uploads\/2018\/08\/vacances-sur-les-iles-Vierges-britanniques-768x591.jpg 768w\" sizes=\"auto, (max-width: 780px) 100vw, 780px\" \/><\/div><\/div><\/div><div id=\"panel-421-3-1-1\" class=\"so-panel widget widget_text panel-last-child\" data-index=\"7\" >\t\t\t<div class=\"textwidget\"><p style=\"text-align: justify;\">Molti turisti vengono a trascorrere le loro vacanze nelle Isole Vergini britanniche. Per trascorrere un soggiorno in questo arcipelago, hai la scelta tra una nave da crociera o l&#8217;aereo.<\/p>\n<\/div>\n\t\t<\/div><\/div><div id=\"pgc-421-3-2\"  class=\"panel-grid-cell\" ><div id=\"panel-421-3-2-0\" class=\"so-panel widget widget_image-hover-text panel-first-child\" data-index=\"8\" ><div\n\t\t\t\n\t\t\tclass=\"so-widget-image-hover-text so-widget-image-hover-text-image-hover-text-default-style-d75171398898-421\"\n\t\t\t\n\t\t><style type=\"text\/css\">\n#image-hover-text-1182374417 img{\n\theight: auto;\n\twidth: 100%;\n}\n<\/style>\n\n<div id=\"image-hover-text-1182374417\" class=\"image-hover-text \">\n<img loading=\"lazy\" decoding=\"async\" width=\"780\" height=\"600\" src=\"https:\/\/www.bvitourism.fr\/wp-content\/uploads\/2018\/08\/vacances-sur-les-iles-Vierges-britanniques-1.jpg\" class=\"attachment-full size-full\" alt=\"vacances sur les iles Vierges britanniques 1\" srcset=\"https:\/\/www.bvitourism.fr\/wp-content\/uploads\/2018\/08\/vacances-sur-les-iles-Vierges-britanniques-1.jpg 780w, https:\/\/www.bvitourism.fr\/wp-content\/uploads\/2018\/08\/vacances-sur-les-iles-Vierges-britanniques-1-300x231.jpg 300w, https:\/\/www.bvitourism.fr\/wp-content\/uploads\/2018\/08\/vacances-sur-les-iles-Vierges-britanniques-1-768x591.jpg 768w\" sizes=\"auto, (max-width: 780px) 100vw, 780px\" \/><\/div><\/div><\/div><div id=\"panel-421-3-2-1\" class=\"so-panel widget widget_text panel-last-child\" data-index=\"9\" >\t\t\t<div class=\"textwidget\"><p style=\"text-align: justify;\">Trascorrere le vacanze nelle Isole Vergini britanniche \u00e8 un vero cambiamento di scenario. I turisti avranno l&#8217;opportunit\u00e0 di dedicarsi a diverse attivit\u00e0 come il nuoto, le immersioni &#8230;<\/p>\n<\/div>\n\t\t<\/div><\/div><\/div><\/div><div id=\"pg-421-4\"  class=\"panel-grid panel-has-style\" ><div class=\"panel-row-style panel-row-style-for-421-4\" ><div id=\"pgc-421-4-0\"  class=\"panel-grid-cell\" ><div id=\"panel-421-4-0-0\" class=\"so-panel widget widget_media_image panel-first-child\" data-index=\"10\" ><img loading=\"lazy\" decoding=\"async\" width=\"80\" height=\"75\" src=\"https:\/\/www.bvitourism.fr\/wp-content\/uploads\/2018\/08\/icone-Croisieres-et-location-de-bateaux.png\" class=\"image wp-image-148  attachment-full size-full\" alt=\"icone-Croisieres-et-location-de-bateaux\" style=\"max-width: 100%; height: auto;\" \/><\/div><div id=\"panel-421-4-0-1\" class=\"so-panel widget widget_sow-headline panel-last-child\" data-index=\"11\" ><div\n\t\t\t\n\t\t\tclass=\"so-widget-sow-headline so-widget-sow-headline-default-ea264394d204-421\"\n\t\t\t\n\t\t><div class=\"sow-headline-container \">\n\t\t\t\t\t\t\t<h2 class=\"sow-headline\">\n\t\t\t\t\t\tCrociere e noleggio  <br \/> di barche\t\t\t\t\t\t<\/h2>\n\t\t\t\t\t\t\t\t\t\t\t<div class=\"decoration\">\n\t\t\t\t\t\t<div class=\"decoration-inside\"><\/div>\n\t\t\t\t\t<\/div>\n\t\t\t\t\t<\/div>\n<\/div><\/div><\/div><div id=\"pgc-421-4-1\"  class=\"panel-grid-cell\" ><div id=\"panel-421-4-1-0\" class=\"so-panel widget widget_service-box panel-first-child\" data-index=\"12\" ><div\n\t\t\t\n\t\t\tclass=\"so-widget-service-box so-widget-service-box-service-box-style-3689a2e67776-421\"\n\t\t\t\n\t\t>\r\n\r\n\r\n    <div class=\"service_left clearfix left\">\r\n                    <div class=\"icon_image\">\r\n                <img decoding=\"async\" src=\" https:\/\/www.bvitourism.fr\/wp-content\/uploads\/2018\/08\/icone-Choix-d-une-compagnie-de-croisieres.png\" alt=\"\" style=\"width: 66px;\"\/>\r\n            <\/div>\r\n                <div class=\"content\">\r\n            <h3>La scelta di una linea di crociera<\/h3>\r\n            <p style=\"text-align: justify\">Arrivo nella capitale Road Town Isole Vergini Britanniche, contattare una societ\u00e0 che noleggia le navi da crociera.<\/p>\n            <div class=\"clearfix\"><\/div>\r\n                    <\/div>\r\n    <\/div>\r\n\r\n<\/div><\/div><div id=\"panel-421-4-1-1\" class=\"so-panel widget widget_service-box\" data-index=\"13\" ><div\n\t\t\t\n\t\t\tclass=\"so-widget-service-box so-widget-service-box-service-box-style-3689a2e67776-421\"\n\t\t\t\n\t\t>\r\n\r\n\r\n    <div class=\"service_left clearfix left\">\r\n                    <div class=\"icon_image\">\r\n                <img decoding=\"async\" src=\" https:\/\/www.bvitourism.fr\/wp-content\/uploads\/2018\/08\/icone-Types-de-croisieres-dans-les-iles-vierges-britanniques.png\" alt=\"\" style=\"width: 66px;\"\/>\r\n            <\/div>\r\n                <div class=\"content\">\r\n            <h3>Tipi di crociere nelle isole Vergini britanniche<\/h3>\r\n            <p style=\"text-align: justify\">Coloro che vogliono fare una crociera nelle Isole Vergini Britanniche avranno la possibilit\u00e0 di scegliere tra diversi tipi di crociere (crociera senza equipaggio, crociera con equipaggio ...)<\/p>\n            <div class=\"clearfix\"><\/div>\r\n                    <\/div>\r\n    <\/div>\r\n\r\n<\/div><\/div><div id=\"panel-421-4-1-2\" class=\"so-panel widget widget_service-box panel-last-child\" data-index=\"14\" ><div\n\t\t\t\n\t\t\tclass=\"so-widget-service-box so-widget-service-box-service-box-style-3689a2e67776-421\"\n\t\t\t\n\t\t>\r\n\r\n\r\n    <div class=\"service_left clearfix left\">\r\n                    <div class=\"icon_image\">\r\n                <img decoding=\"async\" src=\" https:\/\/www.bvitourism.fr\/wp-content\/uploads\/2018\/08\/icone-Types-d-embarcations-de-croisiere-disponibles.png\" alt=\"\" style=\"width: 66px;\"\/>\r\n            <\/div>\r\n                <div class=\"content\">\r\n            <h3>Tipi di navi da crociera disponibili<\/h3>\r\n            <p style=\"text-align: justify\">Le crociere nelle Isole Vergini britanniche sono principalmente a bordo di due tipi di barche che sono monoscafi o catamarani.<\/p>\n            <div class=\"clearfix\"><\/div>\r\n                    <\/div>\r\n    <\/div>\r\n\r\n<\/div><\/div><\/div><\/div><\/div><div id=\"pg-421-5\"  class=\"panel-grid panel-has-style\" ><div class=\"siteorigin-panels-stretch panel-row-style panel-row-style-for-421-5\" data-stretch-type=\"full-stretched\" ><div id=\"pgc-421-5-0\"  class=\"panel-grid-cell\" ><div id=\"panel-421-5-0-0\" class=\"so-panel widget widget_media_image panel-first-child panel-last-child\" data-index=\"15\" ><img loading=\"lazy\" decoding=\"async\" width=\"1056\" height=\"757\" src=\"https:\/\/www.bvitourism.fr\/wp-content\/uploads\/2018\/08\/Tortola.jpg\" class=\"image wp-image-126  attachment-full size-full\" alt=\"Tortola\" style=\"max-width: 100%; height: auto;\" srcset=\"https:\/\/www.bvitourism.fr\/wp-content\/uploads\/2018\/08\/Tortola.jpg 1056w, https:\/\/www.bvitourism.fr\/wp-content\/uploads\/2018\/08\/Tortola-300x215.jpg 300w, https:\/\/www.bvitourism.fr\/wp-content\/uploads\/2018\/08\/Tortola-768x551.jpg 768w, https:\/\/www.bvitourism.fr\/wp-content\/uploads\/2018\/08\/Tortola-1024x734.jpg 1024w\" sizes=\"auto, (max-width: 1056px) 100vw, 1056px\" \/><\/div><\/div><div id=\"pgc-421-5-1\"  class=\"panel-grid-cell\" ><div class=\"panel-cell-style panel-cell-style-for-421-5-1\" ><div id=\"panel-421-5-1-0\" class=\"so-panel widget widget_media_image panel-first-child\" data-index=\"16\" ><img loading=\"lazy\" decoding=\"async\" width=\"112\" height=\"61\" src=\"https:\/\/www.bvitourism.fr\/wp-content\/uploads\/2018\/08\/icone-Tortola-1.png\" class=\"image wp-image-175  attachment-full size-full\" alt=\"icone-Tortola\" style=\"max-width: 100%; height: auto;\" \/><\/div><div id=\"panel-421-5-1-1\" class=\"so-panel widget widget_sow-headline\" data-index=\"17\" ><div\n\t\t\t\n\t\t\tclass=\"so-widget-sow-headline so-widget-sow-headline-default-ea264394d204-421\"\n\t\t\t\n\t\t><div class=\"sow-headline-container \">\n\t\t\t\t\t\t\t<h2 class=\"sow-headline\">\n\t\t\t\t\t\tTortola: l'isola principale dell'arcipelago\t\t\t\t\t\t<\/h2>\n\t\t\t\t\t\t\t\t\t\t\t<div class=\"decoration\">\n\t\t\t\t\t\t<div class=\"decoration-inside\"><\/div>\n\t\t\t\t\t<\/div>\n\t\t\t\t\t<\/div>\n<\/div><\/div><div id=\"panel-421-5-1-2\" class=\"so-panel widget widget_text panel-last-child\" data-index=\"18\" >\t\t\t<div class=\"textwidget\"><p style=\"text-align: justify;\">Tortola \u00e8 l&#8217;isola principale dell&#8217;arcipelago delle Isole Vergini Britanniche. Oltre a Capital Road Town, altre attrazioni e siti meritano una visita come Cane Garden Bay con la sua spiaggia e il suo seguito di ristoranti. Visitare la Callwood Rim Distillery e Sugar Cane Bay con le sue piantagioni di canna da zucchero \u00e8 un must.<\/p>\n<\/div>\n\t\t<\/div><\/div><\/div><\/div><\/div><div id=\"pg-421-6\"  class=\"panel-grid panel-has-style\" ><div class=\"siteorigin-panels-stretch panel-row-style panel-row-style-for-421-6\" data-stretch-type=\"full-stretched\" ><div id=\"pgc-421-6-0\"  class=\"panel-grid-cell\" ><div class=\"panel-cell-style panel-cell-style-for-421-6-0\" ><div id=\"panel-421-6-0-0\" class=\"so-panel widget widget_media_image panel-first-child\" data-index=\"19\" ><img loading=\"lazy\" decoding=\"async\" width=\"98\" height=\"73\" src=\"https:\/\/www.bvitourism.fr\/wp-content\/uploads\/2018\/08\/icone-ile-de-Virgin-Gorda-3.png\" class=\"image wp-image-178  attachment-full size-full\" alt=\"icone-ile-de-Virgin-Gorda\" style=\"max-width: 100%; height: auto;\" \/><\/div><div id=\"panel-421-6-0-1\" class=\"so-panel widget widget_sow-headline\" data-index=\"20\" ><div\n\t\t\t\n\t\t\tclass=\"so-widget-sow-headline so-widget-sow-headline-default-598b868d233d-421\"\n\t\t\t\n\t\t><div class=\"sow-headline-container \">\n\t\t\t\t\t\t\t<h2 class=\"sow-headline\">\n\t\t\t\t\t\tIsola di Virgin Gorda \/ isola di Jost Van Dyke\t\t\t\t\t\t<\/h2>\n\t\t\t\t\t\t\t\t\t\t\t<div class=\"decoration\">\n\t\t\t\t\t\t<div class=\"decoration-inside\"><\/div>\n\t\t\t\t\t<\/div>\n\t\t\t\t\t<\/div>\n<\/div><\/div><div id=\"panel-421-6-0-2\" class=\"so-panel widget widget_text panel-last-child\" data-index=\"21\" ><div class=\"panel-widget-style panel-widget-style-for-421-6-0-2\" >\t\t\t<div class=\"textwidget\"><p style=\"text-align: justify;\">Una delle peculiarit\u00e0 e attrazioni di Virgin Gorda Island sono le &#8220;Baths&#8221; che sono rocce di origine vulcanica disseminate con le sue spiagge. Il Devil&#8217;s Bay National Park \u00e8 un&#8217;altra attrazione dell&#8217;isola. Per quanto riguarda l&#8217;isola di Jost Van Dyke, \u00e8 un&#8217;isola tranquilla dove \u00e8 possibile fare immersioni e scoprire la barriera corallina con la diversit\u00e0 della flora e della fauna sottomarina.<\/p>\n<\/div>\n\t\t<\/div><\/div><\/div><\/div><div id=\"pgc-421-6-1\"  class=\"panel-grid-cell\" ><div class=\"panel-cell-style panel-cell-style-for-421-6-1\" ><div id=\"panel-421-6-1-0\" class=\"so-panel widget widget_espace panel-first-child panel-last-child\" data-index=\"22\" ><div\n\t\t\t\n\t\t\tclass=\"so-widget-espace so-widget-espace-espace-style-d75171398898-421\"\n\t\t\t\n\t\t><div class=\"space\" style=\"height: 500px\">\n<\/div><\/div><\/div><\/div><\/div><\/div><\/div><\/div>","protected":false},"excerpt":{"rendered":"<p>Viaggia a Isole Vergini Britanniche Presentazione delle Isole Vergini britanniche Le Isole Vergini britanniche o BVI (Isole Vergini britanniche) in inglese si trovano nel Mar dei Caraibi. \u00c8 un territorio d&#8217;oltremare britannico la cui data di colonizzazione risale al 1672&#8230;.<\/p>\n","protected":false},"author":1,"featured_media":0,"parent":0,"menu_order":0,"comment_status":"closed","ping_status":"closed","template":"","meta":{"footnotes":""},"class_list":["post-421","page","type-page","status-publish","hentry"],"_links":{"self":[{"href":"https:\/\/www.bvitourism.fr\/it\/wp-json\/wp\/v2\/pages\/421","targetHints":{"allow":["GET"]}}],"collection":[{"href":"https:\/\/www.bvitourism.fr\/it\/wp-json\/wp\/v2\/pages"}],"about":[{"href":"https:\/\/www.bvitourism.fr\/it\/wp-json\/wp\/v2\/types\/page"}],"author":[{"embeddable":true,"href":"https:\/\/www.bvitourism.fr\/it\/wp-json\/wp\/v2\/users\/1"}],"replies":[{"embeddable":true,"href":"https:\/\/www.bvitourism.fr\/it\/wp-json\/wp\/v2\/comments?post=421"}],"version-history":[{"count":1,"href":"https:\/\/www.bvitourism.fr\/it\/wp-json\/wp\/v2\/pages\/421\/revisions"}],"predecessor-version":[{"id":483,"href":"https:\/\/www.bvitourism.fr\/it\/wp-json\/wp\/v2\/pages\/421\/revisions\/483"}],"wp:attachment":[{"href":"https:\/\/www.bvitourism.fr\/it\/wp-json\/wp\/v2\/media?parent=421"}],"curies":[{"name":"wp","href":"https:\/\/api.w.org\/{rel}","templated":true}]}}