{"id":488,"date":"2016-05-10T03:48:21","date_gmt":"2016-05-10T03:48:21","guid":{"rendered":"http:\/\/www.bvitourism.fr\/sample-page\/"},"modified":"2018-09-20T12:15:52","modified_gmt":"2018-09-20T10:15:52","slug":"sample-page","status":"publish","type":"page","link":"https:\/\/www.bvitourism.fr\/pt-pt\/","title":{"rendered":"Accueil"},"content":{"rendered":"<div id=\"pl-488\"  class=\"panel-layout\" ><div id=\"pg-488-0\"  class=\"panel-grid panel-has-style\" ><div class=\"siteorigin-panels-stretch panel-row-style panel-row-style-for-488-0\" data-stretch-type=\"full\" ><div id=\"pgc-488-0-0\"  class=\"panel-grid-cell panel-grid-cell-mobile-last\" ><div id=\"panel-488-0-0-0\" class=\"so-panel widget widget_sow-headline panel-first-child panel-last-child\" data-index=\"0\" ><div class=\"panel-widget-style panel-widget-style-for-488-0-0-0\" ><div\n\t\t\t\n\t\t\tclass=\"so-widget-sow-headline so-widget-sow-headline-default-a7bea44e793d-488\"\n\t\t\t\n\t\t><div class=\"sow-headline-container \">\n\t\t\t\t\t\t\t<h1 class=\"sow-headline\">\n\t\t\t\t\t\tViajar para <br \/> Ilhas Virgens Brit\u00e2nicas \t\t\t\t\t\t<\/h1>\n\t\t\t\t\t\t\t\t\t\t\t<div class=\"decoration\">\n\t\t\t\t\t\t<div class=\"decoration-inside\"><\/div>\n\t\t\t\t\t<\/div>\n\t\t\t\t\t<\/div>\n<\/div><\/div><\/div><\/div><div id=\"pgc-488-0-1\"  class=\"panel-grid-cell panel-grid-cell-empty\" ><\/div><\/div><\/div><div id=\"pg-488-1\"  class=\"panel-grid panel-has-style\" ><div class=\"siteorigin-panels-stretch panel-row-style panel-row-style-for-488-1\" data-stretch-type=\"full\" ><div id=\"pgc-488-1-0\"  class=\"panel-grid-cell panel-grid-cell-empty\" ><\/div><div id=\"pgc-488-1-1\"  class=\"panel-grid-cell panel-grid-cell-mobile-last\" ><div id=\"panel-488-1-1-0\" class=\"so-panel widget widget_factory_simple_carousel panel-first-child panel-last-child\" data-index=\"1\" ><div class=\"panel-widget-style panel-widget-style-for-488-1-1-0\" ><div\n\t\t\t\n\t\t\tclass=\"so-widget-factory_simple_carousel so-widget-factory_simple_carousel-factory-carousel-def-style-d75171398898-488\"\n\t\t\t\n\t\t>\n<link rel=\"stylesheet\" href=\"https:\/\/cdnjs.cloudflare.com\/ajax\/libs\/OwlCarousel2\/2.2.1\/assets\/owl.carousel.min.css\" \/>\n<link rel=\"stylesheet\" href=\"https:\/\/cdnjs.cloudflare.com\/ajax\/libs\/OwlCarousel2\/2.2.1\/assets\/owl.theme.default.min.css\" \/>\n<style type=\"text\/css\">\n.owl-carousel .owl-item .element{\n\tpadding: 0 0px;\n}\n.owl-theme .owl-controls .owl-page {\n    display: inline-block;\n}\n.owl-pagination{\n    position: absolute;\n    text-align: center;\n    width: 100%;\n    bottom: -40px;\n}\n    \n<\/style>\n\n<div class=\"owl-carousel\">\n\n<div class=\"text-center item element\">\n<img loading=\"lazy\" decoding=\"async\" width=\"900\" height=\"860\" src=\"https:\/\/www.bvitourism.fr\/wp-content\/uploads\/2018\/08\/car-iles-Vierges-britanniques-1-1.jpg\" class=\"attachment-full size-full\" alt=\"car iles Vierges britanniques 1\" srcset=\"https:\/\/www.bvitourism.fr\/wp-content\/uploads\/2018\/08\/car-iles-Vierges-britanniques-1-1.jpg 900w, https:\/\/www.bvitourism.fr\/wp-content\/uploads\/2018\/08\/car-iles-Vierges-britanniques-1-1-300x287.jpg 300w, https:\/\/www.bvitourism.fr\/wp-content\/uploads\/2018\/08\/car-iles-Vierges-britanniques-1-1-768x734.jpg 768w\" sizes=\"auto, (max-width: 900px) 100vw, 900px\" \/><\/div>\n\n\n<div class=\"text-center item element\">\n<img loading=\"lazy\" decoding=\"async\" width=\"900\" height=\"860\" src=\"https:\/\/www.bvitourism.fr\/wp-content\/uploads\/2018\/08\/car-iles-Vierges-britanniques-2-1.jpg\" class=\"attachment-full size-full\" alt=\"\" srcset=\"https:\/\/www.bvitourism.fr\/wp-content\/uploads\/2018\/08\/car-iles-Vierges-britanniques-2-1.jpg 900w, https:\/\/www.bvitourism.fr\/wp-content\/uploads\/2018\/08\/car-iles-Vierges-britanniques-2-1-300x287.jpg 300w, https:\/\/www.bvitourism.fr\/wp-content\/uploads\/2018\/08\/car-iles-Vierges-britanniques-2-1-768x734.jpg 768w\" sizes=\"auto, (max-width: 900px) 100vw, 900px\" \/><\/div>\n\n\n<div class=\"text-center item element\">\n<img loading=\"lazy\" decoding=\"async\" width=\"900\" height=\"860\" src=\"https:\/\/www.bvitourism.fr\/wp-content\/uploads\/2018\/08\/car-iles-Vierges-britanniques-3-1.jpg\" class=\"attachment-full size-full\" alt=\"car iles Vierges britanniques 3\" srcset=\"https:\/\/www.bvitourism.fr\/wp-content\/uploads\/2018\/08\/car-iles-Vierges-britanniques-3-1.jpg 900w, https:\/\/www.bvitourism.fr\/wp-content\/uploads\/2018\/08\/car-iles-Vierges-britanniques-3-1-300x287.jpg 300w, https:\/\/www.bvitourism.fr\/wp-content\/uploads\/2018\/08\/car-iles-Vierges-britanniques-3-1-768x734.jpg 768w\" sizes=\"auto, (max-width: 900px) 100vw, 900px\" \/><\/div>\n\n\n<div class=\"text-center item element\">\n<img loading=\"lazy\" decoding=\"async\" width=\"900\" height=\"860\" src=\"https:\/\/www.bvitourism.fr\/wp-content\/uploads\/2018\/08\/car-iles-Vierges-britanniques-4-1.jpg\" class=\"attachment-full size-full\" alt=\"\" srcset=\"https:\/\/www.bvitourism.fr\/wp-content\/uploads\/2018\/08\/car-iles-Vierges-britanniques-4-1.jpg 900w, https:\/\/www.bvitourism.fr\/wp-content\/uploads\/2018\/08\/car-iles-Vierges-britanniques-4-1-300x287.jpg 300w, https:\/\/www.bvitourism.fr\/wp-content\/uploads\/2018\/08\/car-iles-Vierges-britanniques-4-1-768x734.jpg 768w\" sizes=\"auto, (max-width: 900px) 100vw, 900px\" \/><\/div>\n\n<\/div>\n\n<script src=\"https:\/\/cdnjs.cloudflare.com\/ajax\/libs\/OwlCarousel2\/2.2.1\/owl.carousel.min.js\"><\/script>\n\n<script type=\"text\/javascript\">\n\njQuery(document).ready(function(){\n  jQuery(\".owl-carousel\").owlCarousel({\n    margin: 0,\n    items:1,\n    autoplay: true,\n        loop: true\n})\n});\n\n<\/script><\/div><\/div><\/div><\/div><div id=\"pgc-488-1-2\"  class=\"panel-grid-cell panel-grid-cell-empty\" ><\/div><\/div><\/div><div id=\"pg-488-2\"  class=\"panel-grid panel-has-style\" ><div class=\"siteorigin-panels-stretch panel-row-style panel-row-style-for-488-2\" data-stretch-type=\"full\" ><div id=\"pgc-488-2-0\"  class=\"panel-grid-cell panel-grid-cell-empty\" ><\/div><div id=\"pgc-488-2-1\"  class=\"panel-grid-cell panel-grid-cell-mobile-last\" ><div class=\"panel-cell-style panel-cell-style-for-488-2-1\" ><div id=\"panel-488-2-1-0\" class=\"so-panel widget widget_sow-headline panel-first-child\" data-index=\"2\" ><div\n\t\t\t\n\t\t\tclass=\"so-widget-sow-headline so-widget-sow-headline-default-8129d813876b-488\"\n\t\t\t\n\t\t><div class=\"sow-headline-container \">\n\t\t\t\t\t\t\t<h2 class=\"sow-headline\">\n\t\t\t\t\t\tApresenta\u00e7\u00e3o das Ilhas Virgens Brit\u00e2nicas\t\t\t\t\t\t<\/h2>\n\t\t\t\t\t\t\t\t\t\t\t<div class=\"decoration\">\n\t\t\t\t\t\t<div class=\"decoration-inside\"><\/div>\n\t\t\t\t\t<\/div>\n\t\t\t\t\t<\/div>\n<\/div><\/div><div id=\"panel-488-2-1-1\" class=\"so-panel widget widget_text panel-last-child\" data-index=\"3\" ><div class=\"panel-widget-style panel-widget-style-for-488-2-1-1\" >\t\t\t<div class=\"textwidget\"><p style=\"color: #ffffff; text-align: justify;\">As Ilhas Virgens Brit\u00e2nicas ou Ilhas Virgens Brit\u00e2nicas (British Virgin Islands) em ingl\u00eas est\u00e3o localizadas no Mar do Caribe. \u00c9 um territ\u00f3rio ultramarino brit\u00e2nico cuja data de coloniza\u00e7\u00e3o remonta a 1672. Este arquip\u00e9lago \u00e9 caracterizado por um clima tropical quente e \u00famido com temperaturas agrad\u00e1veis durante todo o ano. N\u00f3s distinguimos a esta\u00e7\u00e3o chuvosa se espalhando de agosto a dezembro da esta\u00e7\u00e3o seca de janeiro a abril. O turismo \u00e9 a principal atividade econ\u00f4mica deste arquip\u00e9lago.<\/p>\n<\/div>\n\t\t<\/div><\/div><\/div><\/div><div id=\"pgc-488-2-2\"  class=\"panel-grid-cell panel-grid-cell-empty\" ><\/div><\/div><\/div><div id=\"pg-488-3\"  class=\"panel-grid panel-has-style\" ><div class=\"siteorigin-panels-stretch panel-row-style panel-row-style-for-488-3\" data-stretch-type=\"full\" ><div id=\"pgc-488-3-0\"  class=\"panel-grid-cell\" ><div id=\"panel-488-3-0-0\" class=\"so-panel widget widget_media_image panel-first-child\" data-index=\"4\" ><img loading=\"lazy\" decoding=\"async\" width=\"65\" height=\"65\" src=\"https:\/\/www.bvitourism.fr\/wp-content\/uploads\/2018\/08\/icone-vacances-sur-les-iles-Vierges-britanniques.png\" class=\"image wp-image-147  attachment-full size-full\" alt=\"icone-vacances-sur-les-iles-Vierges-britanniques\" style=\"max-width: 100%; height: auto;\" \/><\/div><div id=\"panel-488-3-0-1\" class=\"so-panel widget widget_sow-headline panel-last-child\" data-index=\"5\" ><div\n\t\t\t\n\t\t\tclass=\"so-widget-sow-headline so-widget-sow-headline-default-ea264394d204-488\"\n\t\t\t\n\t\t><div class=\"sow-headline-container \">\n\t\t\t\t\t\t\t<h2 class=\"sow-headline\">\n\t\t\t\t\t\tFeriados nas Ilhas Virgens Brit\u00e2nicas\t\t\t\t\t\t<\/h2>\n\t\t\t\t\t\t\t\t\t\t\t<div class=\"decoration\">\n\t\t\t\t\t\t<div class=\"decoration-inside\"><\/div>\n\t\t\t\t\t<\/div>\n\t\t\t\t\t<\/div>\n<\/div><\/div><\/div><div id=\"pgc-488-3-1\"  class=\"panel-grid-cell\" ><div id=\"panel-488-3-1-0\" class=\"so-panel widget widget_image-hover-text panel-first-child\" data-index=\"6\" ><div\n\t\t\t\n\t\t\tclass=\"so-widget-image-hover-text so-widget-image-hover-text-image-hover-text-default-style-d75171398898-488\"\n\t\t\t\n\t\t><style type=\"text\/css\">\n#image-hover-text-1182374417 img{\n\theight: auto;\n\twidth: 100%;\n}\n<\/style>\n\n<div id=\"image-hover-text-1182374417\" class=\"image-hover-text \">\n<img loading=\"lazy\" decoding=\"async\" width=\"780\" height=\"600\" src=\"https:\/\/www.bvitourism.fr\/wp-content\/uploads\/2018\/08\/vacances-sur-les-iles-Vierges-britanniques.jpg\" class=\"attachment-full size-full\" alt=\"vacances sur les iles Vierges britanniques\" srcset=\"https:\/\/www.bvitourism.fr\/wp-content\/uploads\/2018\/08\/vacances-sur-les-iles-Vierges-britanniques.jpg 780w, https:\/\/www.bvitourism.fr\/wp-content\/uploads\/2018\/08\/vacances-sur-les-iles-Vierges-britanniques-300x231.jpg 300w, https:\/\/www.bvitourism.fr\/wp-content\/uploads\/2018\/08\/vacances-sur-les-iles-Vierges-britanniques-768x591.jpg 768w\" sizes=\"auto, (max-width: 780px) 100vw, 780px\" \/><\/div><\/div><\/div><div id=\"panel-488-3-1-1\" class=\"so-panel widget widget_text panel-last-child\" data-index=\"7\" >\t\t\t<div class=\"textwidget\"><p style=\"text-align: justify;\">Muitos turistas v\u00eam passar suas f\u00e9rias nas Ilhas Virgens Brit\u00e2nicas. Para passar uma estadia neste arquip\u00e9lago, voc\u00ea tem a escolha entre um navio de cruzeiro ou o avi\u00e3o.<\/p>\n<\/div>\n\t\t<\/div><\/div><div id=\"pgc-488-3-2\"  class=\"panel-grid-cell\" ><div id=\"panel-488-3-2-0\" class=\"so-panel widget widget_image-hover-text panel-first-child\" data-index=\"8\" ><div\n\t\t\t\n\t\t\tclass=\"so-widget-image-hover-text so-widget-image-hover-text-image-hover-text-default-style-d75171398898-488\"\n\t\t\t\n\t\t><style type=\"text\/css\">\n#image-hover-text-1182374417 img{\n\theight: auto;\n\twidth: 100%;\n}\n<\/style>\n\n<div id=\"image-hover-text-1182374417\" class=\"image-hover-text \">\n<img loading=\"lazy\" decoding=\"async\" width=\"780\" height=\"600\" src=\"https:\/\/www.bvitourism.fr\/wp-content\/uploads\/2018\/08\/vacances-sur-les-iles-Vierges-britanniques-1.jpg\" class=\"attachment-full size-full\" alt=\"vacances sur les iles Vierges britanniques 1\" srcset=\"https:\/\/www.bvitourism.fr\/wp-content\/uploads\/2018\/08\/vacances-sur-les-iles-Vierges-britanniques-1.jpg 780w, https:\/\/www.bvitourism.fr\/wp-content\/uploads\/2018\/08\/vacances-sur-les-iles-Vierges-britanniques-1-300x231.jpg 300w, https:\/\/www.bvitourism.fr\/wp-content\/uploads\/2018\/08\/vacances-sur-les-iles-Vierges-britanniques-1-768x591.jpg 768w\" sizes=\"auto, (max-width: 780px) 100vw, 780px\" \/><\/div><\/div><\/div><div id=\"panel-488-3-2-1\" class=\"so-panel widget widget_text panel-last-child\" data-index=\"9\" >\t\t\t<div class=\"textwidget\"><p style=\"text-align: justify;\">Passar f\u00e9rias nas Ilhas Virgens Brit\u00e2nicas \u00e9 uma verdadeira mudan\u00e7a de cen\u00e1rio. Os turistas ter\u00e3o a oportunidade de desfrutar de v\u00e1rias atividades como nata\u00e7\u00e3o, mergulho &#8230;<\/p>\n<\/div>\n\t\t<\/div><\/div><\/div><\/div><div id=\"pg-488-4\"  class=\"panel-grid panel-has-style\" ><div class=\"panel-row-style panel-row-style-for-488-4\" ><div id=\"pgc-488-4-0\"  class=\"panel-grid-cell\" ><div id=\"panel-488-4-0-0\" class=\"so-panel widget widget_media_image panel-first-child\" data-index=\"10\" ><img loading=\"lazy\" decoding=\"async\" width=\"80\" height=\"75\" src=\"https:\/\/www.bvitourism.fr\/wp-content\/uploads\/2018\/08\/icone-Croisieres-et-location-de-bateaux.png\" class=\"image wp-image-148  attachment-full size-full\" alt=\"icone-Croisieres-et-location-de-bateaux\" style=\"max-width: 100%; height: auto;\" \/><\/div><div id=\"panel-488-4-0-1\" class=\"so-panel widget widget_sow-headline panel-last-child\" data-index=\"11\" ><div\n\t\t\t\n\t\t\tclass=\"so-widget-sow-headline so-widget-sow-headline-default-ea264394d204-488\"\n\t\t\t\n\t\t><div class=\"sow-headline-container \">\n\t\t\t\t\t\t\t<h2 class=\"sow-headline\">\n\t\t\t\t\t\tCruzeiros e aluguel<br \/>  de barcos\t\t\t\t\t\t<\/h2>\n\t\t\t\t\t\t\t\t\t\t\t<div class=\"decoration\">\n\t\t\t\t\t\t<div class=\"decoration-inside\"><\/div>\n\t\t\t\t\t<\/div>\n\t\t\t\t\t<\/div>\n<\/div><\/div><\/div><div id=\"pgc-488-4-1\"  class=\"panel-grid-cell\" ><div id=\"panel-488-4-1-0\" class=\"so-panel widget widget_service-box panel-first-child\" data-index=\"12\" ><div\n\t\t\t\n\t\t\tclass=\"so-widget-service-box so-widget-service-box-service-box-style-3689a2e67776-488\"\n\t\t\t\n\t\t>\r\n\r\n\r\n    <div class=\"service_left clearfix left\">\r\n                    <div class=\"icon_image\">\r\n                <img decoding=\"async\" src=\" https:\/\/www.bvitourism.fr\/wp-content\/uploads\/2018\/08\/icone-Choix-d-une-compagnie-de-croisieres.png\" alt=\"\" style=\"width: 66px;\"\/>\r\n            <\/div>\r\n                <div class=\"content\">\r\n            <h3>Escolhendo uma linha de cruzeiro<\/h3>\r\n            <p style=\"text-align: justify\">Quando voc\u00ea chegar em Road Town, a capital das Ilhas Virgens Brit\u00e2nicas, entre em contato com uma empresa que aluga navios de cruzeiro.<\/p>\n            <div class=\"clearfix\"><\/div>\r\n                    <\/div>\r\n    <\/div>\r\n\r\n<\/div><\/div><div id=\"panel-488-4-1-1\" class=\"so-panel widget widget_service-box\" data-index=\"13\" ><div\n\t\t\t\n\t\t\tclass=\"so-widget-service-box so-widget-service-box-service-box-style-3689a2e67776-488\"\n\t\t\t\n\t\t>\r\n\r\n\r\n    <div class=\"service_left clearfix left\">\r\n                    <div class=\"icon_image\">\r\n                <img decoding=\"async\" src=\" https:\/\/www.bvitourism.fr\/wp-content\/uploads\/2018\/08\/icone-Types-de-croisieres-dans-les-iles-vierges-britanniques.png\" alt=\"\" style=\"width: 66px;\"\/>\r\n            <\/div>\r\n                <div class=\"content\">\r\n            <h3>Tipos de cruzeiros nas ilhas virgens brit\u00e2nicas<\/h3>\r\n            <p style=\"text-align: justify\">Aqueles que querem viajar nas Ilhas Virgens Brit\u00e2nicas ter\u00e3o a escolha entre v\u00e1rios tipos de cruzeiros (cruzeiro n\u00e3o tripulado, cruzeiro tripulado ...)<\/p>\n            <div class=\"clearfix\"><\/div>\r\n                    <\/div>\r\n    <\/div>\r\n\r\n<\/div><\/div><div id=\"panel-488-4-1-2\" class=\"so-panel widget widget_service-box panel-last-child\" data-index=\"14\" ><div\n\t\t\t\n\t\t\tclass=\"so-widget-service-box so-widget-service-box-service-box-style-3689a2e67776-488\"\n\t\t\t\n\t\t>\r\n\r\n\r\n    <div class=\"service_left clearfix left\">\r\n                    <div class=\"icon_image\">\r\n                <img decoding=\"async\" src=\" https:\/\/www.bvitourism.fr\/wp-content\/uploads\/2018\/08\/icone-Types-d-embarcations-de-croisiere-disponibles.png\" alt=\"\" style=\"width: 66px;\"\/>\r\n            <\/div>\r\n                <div class=\"content\">\r\n            <h3>Tipos de navios de cruzeiro dispon\u00edveis<\/h3>\r\n            <p style=\"text-align: justify\">Cruzeiros nas Ilhas Virgens Brit\u00e2nicas s\u00e3o principalmente a bordo de dois tipos de barcos que s\u00e3o monocascos ou catamar\u00e3s.<\/p>\n            <div class=\"clearfix\"><\/div>\r\n                    <\/div>\r\n    <\/div>\r\n\r\n<\/div><\/div><\/div><\/div><\/div><div id=\"pg-488-5\"  class=\"panel-grid panel-has-style\" ><div class=\"siteorigin-panels-stretch panel-row-style panel-row-style-for-488-5\" data-stretch-type=\"full-stretched\" ><div id=\"pgc-488-5-0\"  class=\"panel-grid-cell\" ><div id=\"panel-488-5-0-0\" class=\"so-panel widget widget_media_image panel-first-child panel-last-child\" data-index=\"15\" ><img loading=\"lazy\" decoding=\"async\" width=\"1056\" height=\"757\" src=\"https:\/\/www.bvitourism.fr\/wp-content\/uploads\/2018\/08\/Tortola.jpg\" class=\"image wp-image-126  attachment-full size-full\" alt=\"Tortola\" style=\"max-width: 100%; height: auto;\" srcset=\"https:\/\/www.bvitourism.fr\/wp-content\/uploads\/2018\/08\/Tortola.jpg 1056w, https:\/\/www.bvitourism.fr\/wp-content\/uploads\/2018\/08\/Tortola-300x215.jpg 300w, https:\/\/www.bvitourism.fr\/wp-content\/uploads\/2018\/08\/Tortola-768x551.jpg 768w, https:\/\/www.bvitourism.fr\/wp-content\/uploads\/2018\/08\/Tortola-1024x734.jpg 1024w\" sizes=\"auto, (max-width: 1056px) 100vw, 1056px\" \/><\/div><\/div><div id=\"pgc-488-5-1\"  class=\"panel-grid-cell\" ><div class=\"panel-cell-style panel-cell-style-for-488-5-1\" ><div id=\"panel-488-5-1-0\" class=\"so-panel widget widget_media_image panel-first-child\" data-index=\"16\" ><img loading=\"lazy\" decoding=\"async\" width=\"112\" height=\"61\" src=\"https:\/\/www.bvitourism.fr\/wp-content\/uploads\/2018\/08\/icone-Tortola-1.png\" class=\"image wp-image-175  attachment-full size-full\" alt=\"icone-Tortola\" style=\"max-width: 100%; height: auto;\" \/><\/div><div id=\"panel-488-5-1-1\" class=\"so-panel widget widget_sow-headline\" data-index=\"17\" ><div\n\t\t\t\n\t\t\tclass=\"so-widget-sow-headline so-widget-sow-headline-default-ea264394d204-488\"\n\t\t\t\n\t\t><div class=\"sow-headline-container \">\n\t\t\t\t\t\t\t<h2 class=\"sow-headline\">\n\t\t\t\t\t\tTortola: a principal ilha do arquip\u00e9lago\t\t\t\t\t\t<\/h2>\n\t\t\t\t\t\t\t\t\t\t\t<div class=\"decoration\">\n\t\t\t\t\t\t<div class=\"decoration-inside\"><\/div>\n\t\t\t\t\t<\/div>\n\t\t\t\t\t<\/div>\n<\/div><\/div><div id=\"panel-488-5-1-2\" class=\"so-panel widget widget_text panel-last-child\" data-index=\"18\" >\t\t\t<div class=\"textwidget\"><p style=\"text-align: justify;\">Tortola \u00e9 a principal ilha do arquip\u00e9lago das Ilhas Virgens Brit\u00e2nicas. Al\u00e9m da capital Road Town, outras atra\u00e7\u00f5es e locais merecem uma visita como Cane Garden Bay, com sua praia e sua sucess\u00e3o de restaurantes. Visitar a Callwood Rim Distillery e a Sugar Cane Bay com suas planta\u00e7\u00f5es de cana-de-a\u00e7\u00facar \u00e9 uma obriga\u00e7\u00e3o.<\/p>\n<\/div>\n\t\t<\/div><\/div><\/div><\/div><\/div><div id=\"pg-488-6\"  class=\"panel-grid panel-has-style\" ><div class=\"siteorigin-panels-stretch panel-row-style panel-row-style-for-488-6\" data-stretch-type=\"full-stretched\" ><div id=\"pgc-488-6-0\"  class=\"panel-grid-cell\" ><div class=\"panel-cell-style panel-cell-style-for-488-6-0\" ><div id=\"panel-488-6-0-0\" class=\"so-panel widget widget_media_image panel-first-child\" data-index=\"19\" ><img loading=\"lazy\" decoding=\"async\" width=\"98\" height=\"73\" src=\"https:\/\/www.bvitourism.fr\/wp-content\/uploads\/2018\/08\/icone-ile-de-Virgin-Gorda-3.png\" class=\"image wp-image-178  attachment-full size-full\" alt=\"icone-ile-de-Virgin-Gorda\" style=\"max-width: 100%; height: auto;\" \/><\/div><div id=\"panel-488-6-0-1\" class=\"so-panel widget widget_sow-headline\" data-index=\"20\" ><div\n\t\t\t\n\t\t\tclass=\"so-widget-sow-headline so-widget-sow-headline-default-598b868d233d-488\"\n\t\t\t\n\t\t><div class=\"sow-headline-container \">\n\t\t\t\t\t\t\t<h2 class=\"sow-headline\">\n\t\t\t\t\t\tIlha Virgin Gorda \/ Ilha Jost Van Dyke \t\t\t\t\t\t<\/h2>\n\t\t\t\t\t\t\t\t\t\t\t<div class=\"decoration\">\n\t\t\t\t\t\t<div class=\"decoration-inside\"><\/div>\n\t\t\t\t\t<\/div>\n\t\t\t\t\t<\/div>\n<\/div><\/div><div id=\"panel-488-6-0-2\" class=\"so-panel widget widget_text panel-last-child\" data-index=\"21\" ><div class=\"panel-widget-style panel-widget-style-for-488-6-0-2\" >\t\t\t<div class=\"textwidget\"><p style=\"text-align: justify;\">Uma das peculiaridades e atra\u00e7\u00f5es da Ilha Virgem Gorda s\u00e3o os &#8220;Banhos&#8221;, que s\u00e3o rochas de origem vulc\u00e2nica, repletas de praias. O Parque Nacional da Ba\u00eda do Diabo \u00e9 outra atra\u00e7\u00e3o da ilha. Quanto \u00e0 ilha de Jost Van Dyke, \u00e9 uma ilha pac\u00edfica onde voc\u00ea pode mergulhar e descobrir o recife de coral com a diversidade da flora e fauna subaqu\u00e1ticas.<\/p>\n<\/div>\n\t\t<\/div><\/div><\/div><\/div><div id=\"pgc-488-6-1\"  class=\"panel-grid-cell\" ><div class=\"panel-cell-style panel-cell-style-for-488-6-1\" ><div id=\"panel-488-6-1-0\" class=\"so-panel widget widget_espace panel-first-child panel-last-child\" data-index=\"22\" ><div\n\t\t\t\n\t\t\tclass=\"so-widget-espace so-widget-espace-espace-style-d75171398898-488\"\n\t\t\t\n\t\t><div class=\"space\" style=\"height: 500px\">\n<\/div><\/div><\/div><\/div><\/div><\/div><\/div><\/div>","protected":false},"excerpt":{"rendered":"<p>Viajar para Ilhas Virgens Brit\u00e2nicas Apresenta\u00e7\u00e3o das Ilhas Virgens Brit\u00e2nicas As Ilhas Virgens Brit\u00e2nicas ou Ilhas Virgens Brit\u00e2nicas (British Virgin Islands) em ingl\u00eas est\u00e3o localizadas no Mar do Caribe. \u00c9 um territ\u00f3rio ultramarino brit\u00e2nico cuja data de coloniza\u00e7\u00e3o remonta a&#8230;<\/p>\n","protected":false},"author":1,"featured_media":0,"parent":0,"menu_order":0,"comment_status":"closed","ping_status":"closed","template":"","meta":{"footnotes":""},"class_list":["post-488","page","type-page","status-publish","hentry"],"_links":{"self":[{"href":"https:\/\/www.bvitourism.fr\/pt-pt\/wp-json\/wp\/v2\/pages\/488","targetHints":{"allow":["GET"]}}],"collection":[{"href":"https:\/\/www.bvitourism.fr\/pt-pt\/wp-json\/wp\/v2\/pages"}],"about":[{"href":"https:\/\/www.bvitourism.fr\/pt-pt\/wp-json\/wp\/v2\/types\/page"}],"author":[{"embeddable":true,"href":"https:\/\/www.bvitourism.fr\/pt-pt\/wp-json\/wp\/v2\/users\/1"}],"replies":[{"embeddable":true,"href":"https:\/\/www.bvitourism.fr\/pt-pt\/wp-json\/wp\/v2\/comments?post=488"}],"version-history":[{"count":3,"href":"https:\/\/www.bvitourism.fr\/pt-pt\/wp-json\/wp\/v2\/pages\/488\/revisions"}],"predecessor-version":[{"id":554,"href":"https:\/\/www.bvitourism.fr\/pt-pt\/wp-json\/wp\/v2\/pages\/488\/revisions\/554"}],"wp:attachment":[{"href":"https:\/\/www.bvitourism.fr\/pt-pt\/wp-json\/wp\/v2\/media?parent=488"}],"curies":[{"name":"wp","href":"https:\/\/api.w.org\/{rel}","templated":true}]}}